{"id":162,"date":"2024-03-14T19:11:45","date_gmt":"2024-03-15T01:11:45","guid":{"rendered":"https:\/\/convive.wpenginepowered.com\/inicio\/"},"modified":"2025-05-06T13:12:35","modified_gmt":"2025-05-06T19:12:35","slug":"inicio","status":"publish","type":"page","link":"https:\/\/convive.site\/es\/","title":{"rendered":"Inicio"},"content":{"rendered":"\t\t<div data-elementor-type=\"wp-page\" data-elementor-id=\"162\" class=\"elementor elementor-162 elementor-38\" data-elementor-post-type=\"page\">\n\t\t\t\t<div class=\"elementor-element elementor-element-3c3a715 e-flex e-con-boxed e-con e-parent\" data-id=\"3c3a715\" data-element_type=\"container\" data-settings=\"{&quot;background_background&quot;:&quot;classic&quot;}\">\n\t\t\t\t\t<div class=\"e-con-inner\">\n\t\t<div class=\"elementor-element elementor-element-c82ca30 e-con-full e-flex e-con e-child\" data-id=\"c82ca30\" data-element_type=\"container\">\n\t\t\t\t<div class=\"elementor-element elementor-element-47dfb95 elementor-widget elementor-widget-image\" data-id=\"47dfb95\" data-element_type=\"widget\" data-widget_type=\"image.default\">\n\t\t\t\t<div class=\"elementor-widget-container\">\n\t\t\t\t\t\t\t\t\t\t\t\t\t\t\t\t<a href=\"https:\/\/convive.site\/musique\/\">\n\t\t\t\t\t\t\t<img fetchpriority=\"high\" decoding=\"async\" width=\"1024\" height=\"1024\" src=\"https:\/\/convive.site\/wp-content\/uploads\/2024\/05\/El-tucan-arte-1024x1024.jpg\" class=\"attachment-large size-large wp-image-120\" alt=\"\" srcset=\"https:\/\/convive.site\/wp-content\/uploads\/2024\/05\/El-tucan-arte-1024x1024.jpg 1024w, https:\/\/convive.site\/wp-content\/uploads\/2024\/05\/El-tucan-arte-300x300.jpg 300w, https:\/\/convive.site\/wp-content\/uploads\/2024\/05\/El-tucan-arte-150x150.jpg 150w, https:\/\/convive.site\/wp-content\/uploads\/2024\/05\/El-tucan-arte-768x768.jpg 768w, https:\/\/convive.site\/wp-content\/uploads\/2024\/05\/El-tucan-arte.jpg 1079w\" sizes=\"(max-width: 1024px) 100vw, 1024px\" \/>\t\t\t\t\t\t\t\t<\/a>\n\t\t\t\t\t\t\t\t\t\t\t\t\t\t\t<\/div>\n\t\t\t\t<\/div>\n\t\t\t\t<\/div>\n\t\t<div class=\"elementor-element elementor-element-273f30a e-con-full e-flex e-con e-child\" data-id=\"273f30a\" data-element_type=\"container\">\n\t\t\t\t<div class=\"elementor-element elementor-element-f43dbad elementor-widget elementor-widget-heading\" data-id=\"f43dbad\" data-element_type=\"widget\" data-widget_type=\"heading.default\">\n\t\t\t\t<div class=\"elementor-widget-container\">\n\t\t\t\t\t<h2 class=\"elementor-heading-title elementor-size-default\">M\u00fasica<\/h2>\t\t\t\t<\/div>\n\t\t\t\t<\/div>\n\t\t\t\t<div class=\"elementor-element elementor-element-606adec elementor-widget elementor-widget-text-editor\" data-id=\"606adec\" data-element_type=\"widget\" data-widget_type=\"text-editor.default\">\n\t\t\t\t<div class=\"elementor-widget-container\">\n\t\t\t\t\t\t\t\t\t<p>Descubra la magia de las cosas sencillas con siete canciones infantiles, que despiertan la imaginaci\u00f3n y revelan la belleza de la vida cotidiana. Esc\u00fachalas ahora para convertir momentos ordinarios en aventuras extraordinarias.<\/p>\n\t\t\t\t\t\t\t\t<\/div>\n\t\t\t\t<\/div>\n\t\t\t\t<div class=\"elementor-element elementor-element-49c42a5 elementor-widget elementor-widget-button\" data-id=\"49c42a5\" data-element_type=\"widget\" data-widget_type=\"button.default\">\n\t\t\t\t<div class=\"elementor-widget-container\">\n\t\t\t\t\t\t\t\t\t<div class=\"elementor-button-wrapper\">\n\t\t\t\t\t<a class=\"elementor-button elementor-button-link elementor-size-sm\" href=\"https:\/\/convive.site\/es\/musica\/\">\n\t\t\t\t\t\t<span class=\"elementor-button-content-wrapper\">\n\t\t\t\t\t\t\t\t\t<span class=\"elementor-button-text\">Escuchar las canciones<\/span>\n\t\t\t\t\t<\/span>\n\t\t\t\t\t<\/a>\n\t\t\t\t<\/div>\n\t\t\t\t\t\t\t\t<\/div>\n\t\t\t\t<\/div>\n\t\t\t\t<\/div>\n\t\t\t\t\t<\/div>\n\t\t\t\t<\/div>\n\t\t<div class=\"elementor-element elementor-element-58a4fa4 e-flex e-con-boxed e-con e-parent\" data-id=\"58a4fa4\" data-element_type=\"container\">\n\t\t\t\t\t<div class=\"e-con-inner\">\n\t\t<div class=\"elementor-element elementor-element-b6e1974 e-con-full e-flex e-con e-child\" data-id=\"b6e1974\" data-element_type=\"container\">\n\t\t\t\t<div class=\"elementor-element elementor-element-110f4d3 elementor-widget elementor-widget-heading\" data-id=\"110f4d3\" data-element_type=\"widget\" data-widget_type=\"heading.default\">\n\t\t\t\t<div class=\"elementor-widget-container\">\n\t\t\t\t\t<h2 class=\"elementor-heading-title elementor-size-default\">Cancionero<\/h2>\t\t\t\t<\/div>\n\t\t\t\t<\/div>\n\t\t\t\t<div class=\"elementor-element elementor-element-c7bdc2c elementor-widget elementor-widget-text-editor\" data-id=\"c7bdc2c\" data-element_type=\"widget\" data-widget_type=\"text-editor.default\">\n\t\t\t\t<div class=\"elementor-widget-container\">\n\t\t\t\t\t\t\t\t\t<p>Sum\u00e9rgese en el mundo musical de Convive con nuestro cancionero. Con <span style=\"font-weight: 400;\">una explicaci\u00f3n del origen y significado de cada canci\u00f3n, <\/span>as\u00ed como partituras, acordes y letras, le resultar\u00e1 f\u00e1cil aprender y compartir estas m\u00e1gicas melod\u00edas con la ni\u00f1ez o con sus alumnas y alumnos. Descubra la alegr\u00eda de tocar y cantar juntos.<\/p>\n\t\t\t\t\t\t\t\t<\/div>\n\t\t\t\t<\/div>\n\t\t\t\t<div class=\"elementor-element elementor-element-e967592 elementor-widget elementor-widget-button\" data-id=\"e967592\" data-element_type=\"widget\" data-widget_type=\"button.default\">\n\t\t\t\t<div class=\"elementor-widget-container\">\n\t\t\t\t\t\t\t\t\t<div class=\"elementor-button-wrapper\">\n\t\t\t\t\t<a class=\"elementor-button elementor-button-link elementor-size-sm\" href=\"https:\/\/convive.site\/es\/cancionero\/\">\n\t\t\t\t\t\t<span class=\"elementor-button-content-wrapper\">\n\t\t\t\t\t\t\t\t\t<span class=\"elementor-button-text\">Aprender las canciones<\/span>\n\t\t\t\t\t<\/span>\n\t\t\t\t\t<\/a>\n\t\t\t\t<\/div>\n\t\t\t\t\t\t\t\t<\/div>\n\t\t\t\t<\/div>\n\t\t\t\t<\/div>\n\t\t<div class=\"elementor-element elementor-element-2ef7ed5 e-con-full e-flex e-con e-child\" data-id=\"2ef7ed5\" data-element_type=\"container\">\n\t\t\t\t<div class=\"elementor-element elementor-element-be1f54b elementor-widget elementor-widget-image\" data-id=\"be1f54b\" data-element_type=\"widget\" data-widget_type=\"image.default\">\n\t\t\t\t<div class=\"elementor-widget-container\">\n\t\t\t\t\t\t\t\t\t\t\t\t\t\t\t\t<a href=\"https:\/\/convive.site\/recueil-de-chansons\/\">\n\t\t\t\t\t\t\t<img decoding=\"async\" src=\"https:\/\/convive.site\/wp-content\/uploads\/2025\/05\/Portada-cancionero.png\" title=\"\" alt=\"\" loading=\"lazy\" \/>\t\t\t\t\t\t\t\t<\/a>\n\t\t\t\t\t\t\t\t\t\t\t\t\t\t\t<\/div>\n\t\t\t\t<\/div>\n\t\t\t\t<\/div>\n\t\t\t\t\t<\/div>\n\t\t\t\t<\/div>\n\t\t<div class=\"elementor-element elementor-element-3aa8a0c e-flex e-con-boxed e-con e-parent\" data-id=\"3aa8a0c\" data-element_type=\"container\">\n\t\t\t\t\t<div class=\"e-con-inner\">\n\t\t<div class=\"elementor-element elementor-element-5c42323 e-con-full e-flex e-con e-child\" data-id=\"5c42323\" data-element_type=\"container\">\n\t\t\t\t<div class=\"elementor-element elementor-element-a49845d elementor-widget elementor-widget-image\" data-id=\"a49845d\" data-element_type=\"widget\" data-widget_type=\"image.default\">\n\t\t\t\t<div class=\"elementor-widget-container\">\n\t\t\t\t\t\t\t\t\t\t\t\t\t\t\t\t<a href=\"https:\/\/convive.site\/a-propos\/\">\n\t\t\t\t\t\t\t<img decoding=\"async\" width=\"892\" height=\"576\" src=\"https:\/\/convive.site\/wp-content\/uploads\/2024\/03\/Visita-guarderia-campamento-Aquiares-2023-12-15-e1715367238222.jpeg\" class=\"attachment-large size-large wp-image-132\" alt=\"\" srcset=\"https:\/\/convive.site\/wp-content\/uploads\/2024\/03\/Visita-guarderia-campamento-Aquiares-2023-12-15-e1715367238222.jpeg 892w, https:\/\/convive.site\/wp-content\/uploads\/2024\/03\/Visita-guarderia-campamento-Aquiares-2023-12-15-e1715367238222-300x194.jpeg 300w, https:\/\/convive.site\/wp-content\/uploads\/2024\/03\/Visita-guarderia-campamento-Aquiares-2023-12-15-e1715367238222-768x496.jpeg 768w\" sizes=\"(max-width: 892px) 100vw, 892px\" \/>\t\t\t\t\t\t\t\t<\/a>\n\t\t\t\t\t\t\t\t\t\t\t\t\t\t\t<\/div>\n\t\t\t\t<\/div>\n\t\t\t\t<\/div>\n\t\t<div class=\"elementor-element elementor-element-4d154ac e-con-full e-flex e-con e-child\" data-id=\"4d154ac\" data-element_type=\"container\">\n\t\t\t\t<div class=\"elementor-element elementor-element-c80d436 elementor-widget elementor-widget-heading\" data-id=\"c80d436\" data-element_type=\"widget\" data-widget_type=\"heading.default\">\n\t\t\t\t<div class=\"elementor-widget-container\">\n\t\t\t\t\t<h2 class=\"elementor-heading-title elementor-size-default\">Acerca de Convive<\/h2>\t\t\t\t<\/div>\n\t\t\t\t<\/div>\n\t\t\t\t<div class=\"elementor-element elementor-element-3ecaeda elementor-widget elementor-widget-text-editor\" data-id=\"3ecaeda\" data-element_type=\"widget\" data-widget_type=\"text-editor.default\">\n\t\t\t\t<div class=\"elementor-widget-container\">\n\t\t\t\t\t\t\t\t\t<p>Descubra Convive, el proyecto musical de Nathalie Beaulieu, realizado en colaboraci\u00f3n con Carlos, Juli\u00e1n y Joshua. Sus canciones transmiten mensajes de convivencia y prometen momentos felices juntos, gracias a ritmos pegadizos y rimas divertidas.<\/p>\n\t\t\t\t\t\t\t\t<\/div>\n\t\t\t\t<\/div>\n\t\t\t\t<div class=\"elementor-element elementor-element-b89efb9 elementor-widget elementor-widget-button\" data-id=\"b89efb9\" data-element_type=\"widget\" data-widget_type=\"button.default\">\n\t\t\t\t<div class=\"elementor-widget-container\">\n\t\t\t\t\t\t\t\t\t<div class=\"elementor-button-wrapper\">\n\t\t\t\t\t<a class=\"elementor-button elementor-button-link elementor-size-sm\" href=\"https:\/\/convive.site\/es\/sobre-nosotros\/\">\n\t\t\t\t\t\t<span class=\"elementor-button-content-wrapper\">\n\t\t\t\t\t\t\t\t\t<span class=\"elementor-button-text\">Descubrir el proyecto<\/span>\n\t\t\t\t\t<\/span>\n\t\t\t\t\t<\/a>\n\t\t\t\t<\/div>\n\t\t\t\t\t\t\t\t<\/div>\n\t\t\t\t<\/div>\n\t\t\t\t<\/div>\n\t\t\t\t\t<\/div>\n\t\t\t\t<\/div>\n\t\t\t\t<\/div>\n\t\t","protected":false},"excerpt":{"rendered":"<p>M\u00fasica Descubra la magia de las cosas sencillas con siete canciones infantiles, que despiertan la imaginaci\u00f3n y revelan la belleza [&hellip;]<\/p>\n","protected":false},"author":1,"featured_media":0,"parent":0,"menu_order":0,"comment_status":"closed","ping_status":"closed","template":"","meta":{"site-sidebar-layout":"no-sidebar","site-content-layout":"","ast-site-content-layout":"full-width-container","site-content-style":"default","site-sidebar-style":"default","ast-global-header-display":"","ast-banner-title-visibility":"","ast-main-header-display":"","ast-hfb-above-header-display":"","ast-hfb-below-header-display":"","ast-hfb-mobile-header-display":"","site-post-title":"disabled","ast-breadcrumbs-content":"","ast-featured-img":"disabled","footer-sml-layout":"","theme-transparent-header-meta":"","adv-header-id-meta":"","stick-header-meta":"","header-above-stick-meta":"","header-main-stick-meta":"","header-below-stick-meta":"","astra-migrate-meta-layouts":"default","ast-page-background-enabled":"default","ast-page-background-meta":{"desktop":{"background-color":"var(--ast-global-color-4)","background-image":"","background-repeat":"repeat","background-position":"center center","background-size":"auto","background-attachment":"scroll","background-type":"","background-media":"","overlay-type":"","overlay-color":"","overlay-opacity":"","overlay-gradient":""},"tablet":{"background-color":"","background-image":"","background-repeat":"repeat","background-position":"center center","background-size":"auto","background-attachment":"scroll","background-type":"","background-media":"","overlay-type":"","overlay-color":"","overlay-opacity":"","overlay-gradient":""},"mobile":{"background-color":"","background-image":"","background-repeat":"repeat","background-position":"center center","background-size":"auto","background-attachment":"scroll","background-type":"","background-media":"","overlay-type":"","overlay-color":"","overlay-opacity":"","overlay-gradient":""}},"ast-content-background-meta":{"desktop":{"background-color":"var(--ast-global-color-5)","background-image":"","background-repeat":"repeat","background-position":"center center","background-size":"auto","background-attachment":"scroll","background-type":"","background-media":"","overlay-type":"","overlay-color":"","overlay-opacity":"","overlay-gradient":""},"tablet":{"background-color":"var(--ast-global-color-5)","background-image":"","background-repeat":"repeat","background-position":"center center","background-size":"auto","background-attachment":"scroll","background-type":"","background-media":"","overlay-type":"","overlay-color":"","overlay-opacity":"","overlay-gradient":""},"mobile":{"background-color":"var(--ast-global-color-5)","background-image":"","background-repeat":"repeat","background-position":"center center","background-size":"auto","background-attachment":"scroll","background-type":"","background-media":"","overlay-type":"","overlay-color":"","overlay-opacity":"","overlay-gradient":""}},"footnotes":""},"class_list":["post-162","page","type-page","status-publish","hentry"],"_links":{"self":[{"href":"https:\/\/convive.site\/es\/wp-json\/wp\/v2\/pages\/162","targetHints":{"allow":["GET"]}}],"collection":[{"href":"https:\/\/convive.site\/es\/wp-json\/wp\/v2\/pages"}],"about":[{"href":"https:\/\/convive.site\/es\/wp-json\/wp\/v2\/types\/page"}],"author":[{"embeddable":true,"href":"https:\/\/convive.site\/es\/wp-json\/wp\/v2\/users\/1"}],"replies":[{"embeddable":true,"href":"https:\/\/convive.site\/es\/wp-json\/wp\/v2\/comments?post=162"}],"version-history":[{"count":0,"href":"https:\/\/convive.site\/es\/wp-json\/wp\/v2\/pages\/162\/revisions"}],"wp:attachment":[{"href":"https:\/\/convive.site\/es\/wp-json\/wp\/v2\/media?parent=162"}],"curies":[{"name":"wp","href":"https:\/\/api.w.org\/{rel}","templated":true}]}}